{"id":1876,"date":"2021-03-11T10:49:33","date_gmt":"2021-03-11T09:49:33","guid":{"rendered":"https:\/\/www.csandpartners.com\/home-br\/solicitacao-de-orcamento\/"},"modified":"2021-03-11T10:58:35","modified_gmt":"2021-03-11T09:58:35","slug":"solicitacao-de-orcamento","status":"publish","type":"page","link":"https:\/\/www.csandpartners.com\/pt-br\/home-br\/solicitacao-de-orcamento\/","title":{"rendered":"Solicita\u00e7\u00e3o de or\u00e7amento"},"content":{"rendered":"\t\t<div data-elementor-type=\"wp-page\" data-elementor-id=\"1876\" class=\"elementor elementor-1876 elementor-871\" data-elementor-post-type=\"page\">\n\t\t\t\t\t\t<section class=\"elementor-section elementor-top-section elementor-element elementor-element-2567cf3 elementor-section-boxed elementor-section-height-default elementor-section-height-default\" data-id=\"2567cf3\" data-element_type=\"section\" data-settings=\"{&quot;background_background&quot;:&quot;classic&quot;}\">\n\t\t\t\t\t\t\t<div class=\"elementor-background-overlay\"><\/div>\n\t\t\t\t\t\t\t<div class=\"elementor-container elementor-column-gap-default\">\n\t\t\t\t\t<div class=\"elementor-column elementor-col-100 elementor-top-column elementor-element elementor-element-4be47e9\" data-id=\"4be47e9\" data-element_type=\"column\">\n\t\t\t<div class=\"elementor-widget-wrap elementor-element-populated\">\n\t\t\t\t\t\t<section class=\"elementor-section elementor-inner-section elementor-element elementor-element-e0973d1 elementor-section-boxed elementor-section-height-default elementor-section-height-default\" data-id=\"e0973d1\" data-element_type=\"section\">\n\t\t\t\t\t\t<div class=\"elementor-container elementor-column-gap-default\">\n\t\t\t\t\t<div class=\"elementor-column elementor-col-50 elementor-inner-column elementor-element elementor-element-90b0c47\" data-id=\"90b0c47\" data-element_type=\"column\">\n\t\t\t<div class=\"elementor-widget-wrap elementor-element-populated\">\n\t\t\t\t\t\t<div class=\"elementor-element elementor-element-dc6f275 animated-fast elementor-invisible elementor-widget elementor-widget-heading\" data-id=\"dc6f275\" data-element_type=\"widget\" data-settings=\"{&quot;_animation&quot;:&quot;fadeIn&quot;}\" data-widget_type=\"heading.default\">\n\t\t\t\t<div class=\"elementor-widget-container\">\n\t\t\t\t\t<h1 class=\"elementor-heading-title elementor-size-default\">Solicite um or\u00e7amento<\/h1>\t\t\t\t<\/div>\n\t\t\t\t<\/div>\n\t\t\t\t<div class=\"elementor-element elementor-element-438c481 elementor-widget-divider--view-line elementor-widget elementor-widget-divider\" data-id=\"438c481\" data-element_type=\"widget\" data-widget_type=\"divider.default\">\n\t\t\t\t<div class=\"elementor-widget-container\">\n\t\t\t\t\t\t\t<div class=\"elementor-divider\">\n\t\t\t<span class=\"elementor-divider-separator\">\n\t\t\t\t\t\t<\/span>\n\t\t<\/div>\n\t\t\t\t\t\t<\/div>\n\t\t\t\t<\/div>\n\t\t\t\t\t<\/div>\n\t\t<\/div>\n\t\t\t\t<div class=\"elementor-column elementor-col-50 elementor-inner-column elementor-element elementor-element-13c4ab1\" data-id=\"13c4ab1\" data-element_type=\"column\">\n\t\t\t<div class=\"elementor-widget-wrap\">\n\t\t\t\t\t\t\t<\/div>\n\t\t<\/div>\n\t\t\t\t\t<\/div>\n\t\t<\/section>\n\t\t\t\t\t<\/div>\n\t\t<\/div>\n\t\t\t\t\t<\/div>\n\t\t<\/section>\n\t\t\t\t<section class=\"elementor-section elementor-top-section elementor-element elementor-element-4a21582 elementor-section-boxed elementor-section-height-default elementor-section-height-default\" data-id=\"4a21582\" data-element_type=\"section\">\n\t\t\t\t\t\t<div class=\"elementor-container elementor-column-gap-default\">\n\t\t\t\t\t<div class=\"elementor-column elementor-col-100 elementor-top-column elementor-element elementor-element-3e96a71\" data-id=\"3e96a71\" data-element_type=\"column\" data-settings=\"{&quot;background_background&quot;:&quot;classic&quot;}\">\n\t\t\t<div class=\"elementor-widget-wrap elementor-element-populated\">\n\t\t\t\t\t\t<div class=\"elementor-element elementor-element-2bb6dab elementor-widget elementor-widget-heading\" data-id=\"2bb6dab\" data-element_type=\"widget\" data-widget_type=\"heading.default\">\n\t\t\t\t<div class=\"elementor-widget-container\">\n\t\t\t\t\t<h2 class=\"elementor-heading-title elementor-size-default\">FORMUL\u00c1RIO - PEDIDO DE OR\u00c7AMENTO<\/h2>\t\t\t\t<\/div>\n\t\t\t\t<\/div>\n\t\t\t\t<div class=\"elementor-element elementor-element-ff3939d elementor-widget-divider--view-line elementor-widget elementor-widget-divider\" data-id=\"ff3939d\" data-element_type=\"widget\" data-widget_type=\"divider.default\">\n\t\t\t\t<div class=\"elementor-widget-container\">\n\t\t\t\t\t\t\t<div class=\"elementor-divider\">\n\t\t\t<span class=\"elementor-divider-separator\">\n\t\t\t\t\t\t<\/span>\n\t\t<\/div>\n\t\t\t\t\t\t<\/div>\n\t\t\t\t<\/div>\n\t\t\t\t<div class=\"elementor-element elementor-element-1e813b9 text-normal elementor-widget elementor-widget-heading\" data-id=\"1e813b9\" data-element_type=\"widget\" data-widget_type=\"heading.default\">\n\t\t\t\t<div class=\"elementor-widget-container\">\n\t\t\t\t\t<span class=\"elementor-heading-title elementor-size-default\">Ao preencher o formul\u00e1rio abaixo voc\u00ea poder\u00e1 solicitar um or\u00e7amento.<\/span>\t\t\t\t<\/div>\n\t\t\t\t<\/div>\n\t\t\t\t<div class=\"elementor-element elementor-element-55b90f6 elementor-widget elementor-widget-wp-widget-wpforms-widget\" data-id=\"55b90f6\" data-element_type=\"widget\" data-widget_type=\"wp-widget-wpforms-widget.default\">\n\t\t\t\t<div class=\"elementor-widget-container\">\n\t\t\t\t\t<div class=\"wpforms-container wpforms-container-full\" id=\"wpforms-1138\"><form id=\"wpforms-form-1138\" class=\"wpforms-validate wpforms-form\" data-formid=\"1138\" method=\"post\" enctype=\"multipart\/form-data\" action=\"\/pt-br\/wp-json\/wp\/v2\/pages\/1876?wpforms_form_id=1138\" data-token=\"c0841b1e3b299c4f22fdbcbe40607292\"><noscript class=\"wpforms-error-noscript\">Ative o JavaScript no seu navegador para preencher este formul\u00e1rio.<\/noscript><div class=\"wpforms-field-container\"><div id=\"wpforms-1138-field_0-container\" class=\"wpforms-field wpforms-field-name\" data-field-id=\"0\"><label class=\"wpforms-field-label wpforms-label-hide\" for=\"wpforms-1138-field_0\">Nome e sobrenome <span class=\"wpforms-required-label\">*<\/span><\/label><div class=\"wpforms-field-row wpforms-field-medium\"><div class=\"wpforms-field-row-block wpforms-first wpforms-one-half\"><input type=\"text\" id=\"wpforms-1138-field_0\" class=\"wpforms-field-name-first wpforms-field-required\" name=\"wpforms[fields][0][first]\" placeholder=\"Primeiro nome\" required><label for=\"wpforms-1138-field_0\" class=\"wpforms-field-sublabel after wpforms-sublabel-hide\">Nome<\/label><\/div><div class=\"wpforms-field-row-block wpforms-one-half\"><input type=\"text\" id=\"wpforms-1138-field_0-last\" class=\"wpforms-field-name-last wpforms-field-required\" name=\"wpforms[fields][0][last]\" placeholder=\"Sobrenome\" required><label for=\"wpforms-1138-field_0-last\" class=\"wpforms-field-sublabel after wpforms-sublabel-hide\">Sobrenome<\/label><\/div><\/div><\/div><div id=\"wpforms-1138-field_1-container\" class=\"wpforms-field wpforms-field-email\" data-field-id=\"1\"><label class=\"wpforms-field-label\" for=\"wpforms-1138-field_1\">O email <span class=\"wpforms-required-label\">*<\/span><\/label><input type=\"email\" id=\"wpforms-1138-field_1\" class=\"wpforms-field-medium wpforms-field-required\" name=\"wpforms[fields][1]\" spellcheck=\"false\" required><\/div><div id=\"wpforms-1138-field_4-container\" class=\"wpforms-field wpforms-field-number\" data-field-id=\"4\"><label class=\"wpforms-field-label\" for=\"wpforms-1138-field_4\">Telefone<\/label><input type=\"number\" pattern=\"\\d*\" id=\"wpforms-1138-field_4\" class=\"wpforms-field-medium\" name=\"wpforms[fields][4]\" ><\/div><div id=\"wpforms-1138-field_3-container\" class=\"wpforms-field wpforms-field-radio\" data-field-id=\"3\"><label class=\"wpforms-field-label\" for=\"wpforms-1138-field_3\">\u00c1REAS DE CONSULTORIA: (selecione) <span class=\"wpforms-required-label\">*<\/span><\/label><ul id=\"wpforms-1138-field_3\" class=\"wpforms-field-required\"><li class=\"choice-2 depth-1\"><input type=\"radio\" id=\"wpforms-1138-field_3_2\" name=\"wpforms[fields][3]\" value=\"Propriedade intelectual\" required ><label class=\"wpforms-field-label-inline\" for=\"wpforms-1138-field_3_2\">Propriedade intelectual<\/label><\/li><li class=\"choice-1 depth-1\"><input type=\"radio\" id=\"wpforms-1138-field_3_1\" name=\"wpforms[fields][3]\" value=\"Direito Civil\" required ><label class=\"wpforms-field-label-inline\" for=\"wpforms-1138-field_3_1\">Direito Civil<\/label><\/li><li class=\"choice-3 depth-1\"><input type=\"radio\" id=\"wpforms-1138-field_3_3\" name=\"wpforms[fields][3]\" value=\"Direito Criminal\" required ><label class=\"wpforms-field-label-inline\" for=\"wpforms-1138-field_3_3\">Direito Criminal<\/label><\/li><li class=\"choice-4 depth-1\"><input type=\"radio\" id=\"wpforms-1138-field_3_4\" name=\"wpforms[fields][3]\" value=\"Direito da Administra\u00e7\u00e3o P\u00fablica\" required ><label class=\"wpforms-field-label-inline\" for=\"wpforms-1138-field_3_4\">Direito da Administra\u00e7\u00e3o P\u00fablica<\/label><\/li><li class=\"choice-5 depth-1\"><input type=\"radio\" id=\"wpforms-1138-field_3_5\" name=\"wpforms[fields][3]\" value=\"Servi\u00e7os notarial\" required ><label class=\"wpforms-field-label-inline\" for=\"wpforms-1138-field_3_5\">Servi\u00e7os notarial<\/label><\/li><li class=\"choice-6 depth-1\"><input type=\"radio\" id=\"wpforms-1138-field_3_6\" name=\"wpforms[fields][3]\" value=\"Outro\" required ><label class=\"wpforms-field-label-inline\" for=\"wpforms-1138-field_3_6\">Outro<\/label><\/li><\/ul><\/div><div id=\"wpforms-1138-field_2-container\" class=\"wpforms-field wpforms-field-textarea\" data-field-id=\"2\"><label class=\"wpforms-field-label\" for=\"wpforms-1138-field_2\">Descri\u00e7\u00e3o (opcional):<\/label><textarea id=\"wpforms-1138-field_2\" class=\"wpforms-field-medium\" name=\"wpforms[fields][2]\" ><\/textarea><\/div><div id=\"wpforms-1138-field_8-container\" class=\"wpforms-field wpforms-field-file-upload\" data-field-id=\"8\"><label class=\"wpforms-field-label\" for=\"wpforms-1138-field_8\">Carregar documentos (opcional)<\/label><div\n\t\tclass=\"wpforms-uploader\"\n\t\tdata-field-id=\"8\"\n\t\tdata-form-id=\"1138\"\n\t\tdata-input-name=\"wpforms_1138_8\"\n\t\tdata-extensions=\"pdf,jpg,jpeg\"\n\t\tdata-max-size=\"10485760\"\n\t\tdata-max-file-number=\"3\"\n\t\tdata-post-max-size=\"157286400\"\n\t\tdata-max-parallel-uploads=\"4\"\n\t\tdata-parallel-uploads=\"true\"\n\t\tdata-file-chunk-size=\"2097152\">\n\t<div class=\"dz-message\">\n\t\t<svg viewBox=\"0 0 1024 1024\" focusable=\"false\" data-icon=\"inbox\" width=\"50px\" height=\"50px\" fill=\"currentColor\" aria-hidden=\"true\">\n\t\t\t<path d=\"M885.2 446.3l-.2-.8-112.2-285.1c-5-16.1-19.9-27.2-36.8-27.2H281.2c-17 0-32.1 11.3-36.9 27.6L139.4 443l-.3.7-.2.8c-1.3 4.9-1.7 9.9-1 14.8-.1 1.6-.2 3.2-.2 4.8V830a60.9 60.9 0 0 0 60.8 60.8h627.2c33.5 0 60.8-27.3 60.9-60.8V464.1c0-1.3 0-2.6-.1-3.7.4-4.9 0-9.6-1.3-14.1zm-295.8-43l-.3 15.7c-.8 44.9-31.8 75.1-77.1 75.1-22.1 0-41.1-7.1-54.8-20.6S436 441.2 435.6 419l-.3-15.7H229.5L309 210h399.2l81.7 193.3H589.4zm-375 76.8h157.3c24.3 57.1 76 90.8 140.4 90.8 33.7 0 65-9.4 90.3-27.2 22.2-15.6 39.5-37.4 50.7-63.6h156.5V814H214.4V480.1z\"><\/path>\n\t\t<\/svg>\n\t\t<span class=\"modern-title\">Clique ou arraste os arquivos para esta \u00e1rea para fazer upload.<\/span>\n\n\t\t\t\t\t<span class=\"modern-hint\">Voc\u00ea pode enviar at\u00e9 3 arquivos.<\/span>\n\t\t\t<\/div>\n<\/div>\n<input\n\t\ttype=\"text\"\n\t\tautocomplete=\"off\"\n\t\tclass=\"dropzone-input\"\n\t\tstyle=\"position:absolute!important;clip:rect(0,0,0,0)!important;height:1px!important;width:1px!important;border:0!important;overflow:hidden!important;padding:0!important;margin:0!important;\"\n\t\tid=\"wpforms-1138-field_8\"\n\t\tname=\"wpforms_1138_8\" \t\tvalue=\"\">\n<\/div><div id=\"wpforms-1138-field_7-container\" class=\"wpforms-field wpforms-field-gdpr-checkbox\" data-field-id=\"7\"><label class=\"wpforms-field-label wpforms-label-hide\" for=\"wpforms-1138-field_7\">Aceita\u00e7\u00e3o de GDPR <span class=\"wpforms-required-label\">*<\/span><\/label><ul id=\"wpforms-1138-field_7\" class=\"wpforms-field-required\"><li class=\"choice-1\"><input type=\"checkbox\" id=\"wpforms-1138-field_7_1\" name=\"wpforms[fields][7][]\" value=\"Para poder responder ao pedido, autorizo este site a guardar as informa\u00e7\u00f5es enviadas.\" required ><label class=\"wpforms-field-label-inline\" for=\"wpforms-1138-field_7_1\">Para poder responder ao pedido, autorizo este site a guardar as informa\u00e7\u00f5es enviadas. <span class=\"wpforms-required-label\">*<\/span><\/label><\/li><\/ul><\/div><\/div><!-- .wpforms-field-container --><input type=\"hidden\" name=\"wpforms[recaptcha]\" value=\"\"><div class=\"wpforms-submit-container\" ><input type=\"hidden\" name=\"wpforms[id]\" value=\"1138\"><input type=\"hidden\" name=\"wpforms[author]\" value=\"2\"><button type=\"submit\" name=\"wpforms[submit]\" id=\"wpforms-submit-1138\" class=\"wpforms-submit\" data-alt-text=\"Enviando ...\" data-submit-text=\"Enviar inqu\u00e9rito\" aria-live=\"assertive\" value=\"wpforms-submit\">Enviar inqu\u00e9rito<\/button><\/div><\/form><\/div>  <!-- .wpforms-container -->\t\t\t\t<\/div>\n\t\t\t\t<\/div>\n\t\t\t\t\t<\/div>\n\t\t<\/div>\n\t\t\t\t\t<\/div>\n\t\t<\/section>\n\t\t\t\t<\/div>\n\t\t","protected":false},"excerpt":{"rendered":"<p>Solicite um or\u00e7amento FORMUL\u00c1RIO &#8211; PEDIDO DE OR\u00c7AMENTO Ao preencher o formul\u00e1rio abaixo voc\u00ea poder\u00e1 solicitar um or\u00e7amento.<\/p>\n","protected":false},"author":2,"featured_media":0,"parent":1867,"menu_order":0,"comment_status":"closed","ping_status":"closed","template":"page-templates\/template-pagebuilder-full-width.php","meta":{"neve_meta_sidebar":"full-width","neve_meta_container":"","neve_meta_enable_content_width":"on","neve_meta_content_width":100,"neve_meta_title_alignment":"","neve_meta_author_avatar":"","neve_post_elements_order":"","neve_meta_disable_header":"","neve_meta_disable_footer":"","neve_meta_disable_title":"","neve_meta_reading_time":"","footnotes":""},"class_list":["post-1876","page","type-page","status-publish","hentry"],"yoast_head":"<!-- This site is optimized with the Yoast SEO plugin v25.7 - https:\/\/yoast.com\/wordpress\/plugins\/seo\/ -->\n<title>Solicita\u00e7\u00e3o de or\u00e7amento - CS &amp; PARTNERS<\/title>\n<meta name=\"robots\" content=\"index, follow, max-snippet:-1, max-image-preview:large, max-video-preview:-1\" \/>\n<link rel=\"canonical\" href=\"https:\/\/www.csandpartners.com\/pt-br\/home-br\/solicitacao-de-orcamento\/\" \/>\n<meta property=\"og:locale\" content=\"pt_BR\" \/>\n<meta property=\"og:type\" content=\"article\" \/>\n<meta property=\"og:title\" content=\"Solicita\u00e7\u00e3o de or\u00e7amento - CS &amp; PARTNERS\" \/>\n<meta property=\"og:description\" content=\"Solicite um or\u00e7amento FORMUL\u00c1RIO &#8211; PEDIDO DE OR\u00c7AMENTO Ao preencher o formul\u00e1rio abaixo voc\u00ea poder\u00e1 solicitar um or\u00e7amento.\" \/>\n<meta property=\"og:url\" content=\"https:\/\/www.csandpartners.com\/pt-br\/home-br\/solicitacao-de-orcamento\/\" \/>\n<meta property=\"og:site_name\" content=\"CS &amp; PARTNERS\" \/>\n<meta property=\"article:modified_time\" content=\"2021-03-11T09:58:35+00:00\" \/>\n<meta name=\"twitter:card\" content=\"summary_large_image\" \/>\n<script type=\"application\/ld+json\" class=\"yoast-schema-graph\">{\"@context\":\"https:\/\/schema.org\",\"@graph\":[{\"@type\":\"WebPage\",\"@id\":\"https:\/\/www.csandpartners.com\/pt-br\/home-br\/solicitacao-de-orcamento\/\",\"url\":\"https:\/\/www.csandpartners.com\/pt-br\/home-br\/solicitacao-de-orcamento\/\",\"name\":\"Solicita\u00e7\u00e3o de or\u00e7amento - CS &amp; PARTNERS\",\"isPartOf\":{\"@id\":\"https:\/\/www.csandpartners.com\/pt-br\/#website\"},\"datePublished\":\"2021-03-11T09:49:33+00:00\",\"dateModified\":\"2021-03-11T09:58:35+00:00\",\"breadcrumb\":{\"@id\":\"https:\/\/www.csandpartners.com\/pt-br\/home-br\/solicitacao-de-orcamento\/#breadcrumb\"},\"inLanguage\":\"pt-BR\",\"potentialAction\":[{\"@type\":\"ReadAction\",\"target\":[\"https:\/\/www.csandpartners.com\/pt-br\/home-br\/solicitacao-de-orcamento\/\"]}]},{\"@type\":\"BreadcrumbList\",\"@id\":\"https:\/\/www.csandpartners.com\/pt-br\/home-br\/solicitacao-de-orcamento\/#breadcrumb\",\"itemListElement\":[{\"@type\":\"ListItem\",\"position\":1,\"name\":\"Home\",\"item\":\"https:\/\/www.csandpartners.com\/pt-br\/home-br\/\"},{\"@type\":\"ListItem\",\"position\":2,\"name\":\"Home\",\"item\":\"https:\/\/www.csandpartners.com\/pt-br\/home-br\/\"},{\"@type\":\"ListItem\",\"position\":3,\"name\":\"Solicita\u00e7\u00e3o de or\u00e7amento\"}]},{\"@type\":\"WebSite\",\"@id\":\"https:\/\/www.csandpartners.com\/pt-br\/#website\",\"url\":\"https:\/\/www.csandpartners.com\/pt-br\/\",\"name\":\"CS &amp; PARTNERS\",\"description\":\"LEGAL COUNSELING\",\"publisher\":{\"@id\":\"https:\/\/www.csandpartners.com\/pt-br\/#organization\"},\"potentialAction\":[{\"@type\":\"SearchAction\",\"target\":{\"@type\":\"EntryPoint\",\"urlTemplate\":\"https:\/\/www.csandpartners.com\/pt-br\/?s={search_term_string}\"},\"query-input\":{\"@type\":\"PropertyValueSpecification\",\"valueRequired\":true,\"valueName\":\"search_term_string\"}}],\"inLanguage\":\"pt-BR\"},{\"@type\":\"Organization\",\"@id\":\"https:\/\/www.csandpartners.com\/pt-br\/#organization\",\"name\":\"CS &amp; PARTNERS\",\"url\":\"https:\/\/www.csandpartners.com\/pt-br\/\",\"logo\":{\"@type\":\"ImageObject\",\"inLanguage\":\"pt-BR\",\"@id\":\"https:\/\/www.csandpartners.com\/pt-br\/#\/schema\/logo\/image\/\",\"url\":\"https:\/\/www.csandpartners.com\/wp-content\/uploads\/2021\/01\/cropped-Logo-CSPARTNERS-trasp-sito-e1611300246995.png\",\"contentUrl\":\"https:\/\/www.csandpartners.com\/wp-content\/uploads\/2021\/01\/cropped-Logo-CSPARTNERS-trasp-sito-e1611300246995.png\",\"width\":180,\"height\":149,\"caption\":\"CS &amp; PARTNERS\"},\"image\":{\"@id\":\"https:\/\/www.csandpartners.com\/pt-br\/#\/schema\/logo\/image\/\"}}]}<\/script>\n<!-- \/ Yoast SEO plugin. -->","yoast_head_json":{"title":"Solicita\u00e7\u00e3o de or\u00e7amento - CS &amp; PARTNERS","robots":{"index":"index","follow":"follow","max-snippet":"max-snippet:-1","max-image-preview":"max-image-preview:large","max-video-preview":"max-video-preview:-1"},"canonical":"https:\/\/www.csandpartners.com\/pt-br\/home-br\/solicitacao-de-orcamento\/","og_locale":"pt_BR","og_type":"article","og_title":"Solicita\u00e7\u00e3o de or\u00e7amento - CS &amp; PARTNERS","og_description":"Solicite um or\u00e7amento FORMUL\u00c1RIO &#8211; PEDIDO DE OR\u00c7AMENTO Ao preencher o formul\u00e1rio abaixo voc\u00ea poder\u00e1 solicitar um or\u00e7amento.","og_url":"https:\/\/www.csandpartners.com\/pt-br\/home-br\/solicitacao-de-orcamento\/","og_site_name":"CS &amp; PARTNERS","article_modified_time":"2021-03-11T09:58:35+00:00","twitter_card":"summary_large_image","schema":{"@context":"https:\/\/schema.org","@graph":[{"@type":"WebPage","@id":"https:\/\/www.csandpartners.com\/pt-br\/home-br\/solicitacao-de-orcamento\/","url":"https:\/\/www.csandpartners.com\/pt-br\/home-br\/solicitacao-de-orcamento\/","name":"Solicita\u00e7\u00e3o de or\u00e7amento - CS &amp; PARTNERS","isPartOf":{"@id":"https:\/\/www.csandpartners.com\/pt-br\/#website"},"datePublished":"2021-03-11T09:49:33+00:00","dateModified":"2021-03-11T09:58:35+00:00","breadcrumb":{"@id":"https:\/\/www.csandpartners.com\/pt-br\/home-br\/solicitacao-de-orcamento\/#breadcrumb"},"inLanguage":"pt-BR","potentialAction":[{"@type":"ReadAction","target":["https:\/\/www.csandpartners.com\/pt-br\/home-br\/solicitacao-de-orcamento\/"]}]},{"@type":"BreadcrumbList","@id":"https:\/\/www.csandpartners.com\/pt-br\/home-br\/solicitacao-de-orcamento\/#breadcrumb","itemListElement":[{"@type":"ListItem","position":1,"name":"Home","item":"https:\/\/www.csandpartners.com\/pt-br\/home-br\/"},{"@type":"ListItem","position":2,"name":"Home","item":"https:\/\/www.csandpartners.com\/pt-br\/home-br\/"},{"@type":"ListItem","position":3,"name":"Solicita\u00e7\u00e3o de or\u00e7amento"}]},{"@type":"WebSite","@id":"https:\/\/www.csandpartners.com\/pt-br\/#website","url":"https:\/\/www.csandpartners.com\/pt-br\/","name":"CS &amp; PARTNERS","description":"LEGAL COUNSELING","publisher":{"@id":"https:\/\/www.csandpartners.com\/pt-br\/#organization"},"potentialAction":[{"@type":"SearchAction","target":{"@type":"EntryPoint","urlTemplate":"https:\/\/www.csandpartners.com\/pt-br\/?s={search_term_string}"},"query-input":{"@type":"PropertyValueSpecification","valueRequired":true,"valueName":"search_term_string"}}],"inLanguage":"pt-BR"},{"@type":"Organization","@id":"https:\/\/www.csandpartners.com\/pt-br\/#organization","name":"CS &amp; PARTNERS","url":"https:\/\/www.csandpartners.com\/pt-br\/","logo":{"@type":"ImageObject","inLanguage":"pt-BR","@id":"https:\/\/www.csandpartners.com\/pt-br\/#\/schema\/logo\/image\/","url":"https:\/\/www.csandpartners.com\/wp-content\/uploads\/2021\/01\/cropped-Logo-CSPARTNERS-trasp-sito-e1611300246995.png","contentUrl":"https:\/\/www.csandpartners.com\/wp-content\/uploads\/2021\/01\/cropped-Logo-CSPARTNERS-trasp-sito-e1611300246995.png","width":180,"height":149,"caption":"CS &amp; PARTNERS"},"image":{"@id":"https:\/\/www.csandpartners.com\/pt-br\/#\/schema\/logo\/image\/"}}]}},"_links":{"self":[{"href":"https:\/\/www.csandpartners.com\/pt-br\/wp-json\/wp\/v2\/pages\/1876","targetHints":{"allow":["GET"]}}],"collection":[{"href":"https:\/\/www.csandpartners.com\/pt-br\/wp-json\/wp\/v2\/pages"}],"about":[{"href":"https:\/\/www.csandpartners.com\/pt-br\/wp-json\/wp\/v2\/types\/page"}],"author":[{"embeddable":true,"href":"https:\/\/www.csandpartners.com\/pt-br\/wp-json\/wp\/v2\/users\/2"}],"replies":[{"embeddable":true,"href":"https:\/\/www.csandpartners.com\/pt-br\/wp-json\/wp\/v2\/comments?post=1876"}],"version-history":[{"count":3,"href":"https:\/\/www.csandpartners.com\/pt-br\/wp-json\/wp\/v2\/pages\/1876\/revisions"}],"predecessor-version":[{"id":1879,"href":"https:\/\/www.csandpartners.com\/pt-br\/wp-json\/wp\/v2\/pages\/1876\/revisions\/1879"}],"up":[{"embeddable":true,"href":"https:\/\/www.csandpartners.com\/pt-br\/wp-json\/wp\/v2\/pages\/1867"}],"wp:attachment":[{"href":"https:\/\/www.csandpartners.com\/pt-br\/wp-json\/wp\/v2\/media?parent=1876"}],"curies":[{"name":"wp","href":"https:\/\/api.w.org\/{rel}","templated":true}]}}